{"id":3450,"date":"2024-12-26T20:00:26","date_gmt":"2024-12-26T23:00:26","guid":{"rendered":"https:\/\/clusterciar.com.ar\/clu2024\/?page_id=3450"},"modified":"2025-03-27T13:22:53","modified_gmt":"2025-03-27T16:22:53","slug":"alitaware","status":"publish","type":"page","link":"https:\/\/clusterciar.com.ar\/clu2024\/alitaware\/","title":{"rendered":"Alit\u00e1Ware"},"content":{"rendered":"\t\t<div data-elementor-type=\"wp-page\" data-elementor-id=\"3450\" class=\"elementor elementor-3450\" data-elementor-post-type=\"page\">\n\t\t\t\t<div class=\"elementor-element elementor-element-7208c25 e-con-full e-flex e-con e-parent\" data-id=\"7208c25\" data-element_type=\"container\" data-e-type=\"container\" data-settings=\"{&quot;background_background&quot;:&quot;classic&quot;}\">\n\t\t<div class=\"elementor-element elementor-element-1c9dca1 e-con-full e-flex e-con e-child\" data-id=\"1c9dca1\" data-element_type=\"container\" data-e-type=\"container\">\n\t\t<div class=\"elementor-element elementor-element-a0e5e91 e-con-full e-flex e-con e-child\" data-id=\"a0e5e91\" data-element_type=\"container\" data-e-type=\"container\" data-settings=\"{&quot;background_background&quot;:&quot;gradient&quot;}\">\n\t\t\t\t<div class=\"elementor-element elementor-element-eb8ac2c elementor-widget elementor-widget-image\" data-id=\"eb8ac2c\" data-element_type=\"widget\" data-e-type=\"widget\" data-widget_type=\"image.default\">\n\t\t\t\t<div class=\"elementor-widget-container\">\n\t\t\t\t\t\t\t\t\t\t\t\t\t\t\t<img fetchpriority=\"high\" decoding=\"async\" width=\"800\" height=\"225\" src=\"https:\/\/clusterciar.com.ar\/clu2024\/wp-content\/uploads\/2024\/12\/alita-warre-blanco-1-1024x288.png\" class=\"attachment-large size-large wp-image-3452\" alt=\"\" srcset=\"https:\/\/clusterciar.com.ar\/clu2024\/wp-content\/uploads\/2024\/12\/alita-warre-blanco-1-1024x288.png 1024w, https:\/\/clusterciar.com.ar\/clu2024\/wp-content\/uploads\/2024\/12\/alita-warre-blanco-1-300x84.png 300w, https:\/\/clusterciar.com.ar\/clu2024\/wp-content\/uploads\/2024\/12\/alita-warre-blanco-1-768x216.png 768w, https:\/\/clusterciar.com.ar\/clu2024\/wp-content\/uploads\/2024\/12\/alita-warre-blanco-1.png 1346w\" sizes=\"(max-width: 800px) 100vw, 800px\" \/>\t\t\t\t\t\t\t\t\t\t\t\t\t\t\t<\/div>\n\t\t\t\t<\/div>\n\t\t\t\t<\/div>\n\t\t<div class=\"elementor-element elementor-element-e82a8c0 e-con-full e-flex e-con e-child\" data-id=\"e82a8c0\" data-element_type=\"container\" data-e-type=\"container\" data-settings=\"{&quot;background_background&quot;:&quot;classic&quot;}\">\n\t\t\t\t<div class=\"elementor-element elementor-element-3d1b8bb elementor-align-left elementor-widget elementor-widget-button\" data-id=\"3d1b8bb\" data-element_type=\"widget\" data-e-type=\"widget\" data-widget_type=\"button.default\">\n\t\t\t\t<div class=\"elementor-widget-container\">\n\t\t\t\t\t\t\t\t\t<div class=\"elementor-button-wrapper\">\n\t\t\t\t\t<a class=\"elementor-button elementor-button-link elementor-size-sm\" href=\"https:\/\/www.alitaware.com\/\" target=\"_blank\">\n\t\t\t\t\t\t<span class=\"elementor-button-content-wrapper\">\n\t\t\t\t\t\t\t\t\t<span class=\"elementor-button-text\">VISITAR LA WEB<\/span>\n\t\t\t\t\t<\/span>\n\t\t\t\t\t<\/a>\n\t\t\t\t<\/div>\n\t\t\t\t\t\t\t\t<\/div>\n\t\t\t\t<\/div>\n\t\t\t\t<\/div>\n\t\t\t\t<\/div>\n\t\t\t\t<\/div>\n\t\t<div class=\"elementor-element elementor-element-80b7d65 e-con-full e-flex e-con e-parent\" data-id=\"80b7d65\" data-element_type=\"container\" data-e-type=\"container\" data-settings=\"{&quot;background_background&quot;:&quot;classic&quot;}\">\n\t\t<div class=\"elementor-element elementor-element-4bc6723 e-con-full e-flex e-con e-child\" data-id=\"4bc6723\" data-element_type=\"container\" data-e-type=\"container\">\n\t\t<div class=\"elementor-element elementor-element-7960ab6 e-con-full e-flex e-con e-child\" data-id=\"7960ab6\" data-element_type=\"container\" data-e-type=\"container\">\n\t\t\t\t<div class=\"elementor-element elementor-element-9a3ccd5 elementor-widget elementor-widget-heading\" data-id=\"9a3ccd5\" data-element_type=\"widget\" data-e-type=\"widget\" data-widget_type=\"heading.default\">\n\t\t\t\t<div class=\"elementor-widget-container\">\n\t\t\t\t\t<h2 class=\"elementor-heading-title elementor-size-default\">Generaci\u00f3n de soluciones innovadoras de transformaci\u00f3n digital<\/h2>\t\t\t\t<\/div>\n\t\t\t\t<\/div>\n\t\t\t\t<div class=\"elementor-element elementor-element-4868f46 elementor-widget elementor-widget-text-editor\" data-id=\"4868f46\" data-element_type=\"widget\" data-e-type=\"widget\" data-widget_type=\"text-editor.default\">\n\t\t\t\t<div class=\"elementor-widget-container\">\n\t\t\t\t\t\t\t\t\t<p><b>Alit\u00e1Ware<\/b> desarrolla e implementa software y servicios integrales que aportan valor, reducen costos y garantizan un retorno adecuado de la inversi\u00f3n. La empresa es un aliado clave en la transformaci\u00f3n digital, ayudando a las organizaciones a optimizar sus procesos mediante herramientas enfocadas en el negocio y en el usuario.<\/p>\t\t\t\t\t\t\t\t<\/div>\n\t\t\t\t<\/div>\n\t\t\t\t<\/div>\n\t\t<div class=\"elementor-element elementor-element-0666726 e-con-full e-flex e-con e-child\" data-id=\"0666726\" data-element_type=\"container\" data-e-type=\"container\" data-settings=\"{&quot;background_background&quot;:&quot;classic&quot;}\">\n\t\t\t\t<\/div>\n\t\t\t\t<\/div>\n\t\t\t\t<\/div>\n\t\t<div class=\"elementor-element elementor-element-9dfceae e-con-full e-flex e-con e-parent\" data-id=\"9dfceae\" data-element_type=\"container\" data-e-type=\"container\" data-settings=\"{&quot;background_background&quot;:&quot;classic&quot;}\">\n\t\t<div class=\"elementor-element elementor-element-7ee3f59 e-con-full e-flex e-con e-child\" data-id=\"7ee3f59\" data-element_type=\"container\" data-e-type=\"container\">\n\t\t<div class=\"elementor-element elementor-element-84c400c e-con-full e-flex e-con e-child\" data-id=\"84c400c\" data-element_type=\"container\" data-e-type=\"container\" data-settings=\"{&quot;background_background&quot;:&quot;classic&quot;}\">\n\t\t\t\t<\/div>\n\t\t<div class=\"elementor-element elementor-element-d240865 e-con-full e-flex e-con e-child\" data-id=\"d240865\" data-element_type=\"container\" data-e-type=\"container\">\n\t\t\t\t<div class=\"elementor-element elementor-element-f945675 elementor-widget elementor-widget-heading\" data-id=\"f945675\" data-element_type=\"widget\" data-e-type=\"widget\" data-widget_type=\"heading.default\">\n\t\t\t\t<div class=\"elementor-widget-container\">\n\t\t\t\t\t<h2 class=\"elementor-heading-title elementor-size-default\">Productividad a corto plazo<\/h2>\t\t\t\t<\/div>\n\t\t\t\t<\/div>\n\t\t\t\t<div class=\"elementor-element elementor-element-a9764b4 elementor-widget elementor-widget-text-editor\" data-id=\"a9764b4\" data-element_type=\"widget\" data-e-type=\"widget\" data-widget_type=\"text-editor.default\">\n\t\t\t\t<div class=\"elementor-widget-container\">\n\t\t\t\t\t\t\t\t\t<p>Con m\u00e1s de 25 a\u00f1os de experiencia en los mercados de energ\u00eda e industria, <b>Alit\u00e1Ware<\/b> ofrece soluciones que aseguran una implementaci\u00f3n productiva a corto plazo. Adem\u00e1s de abastecer sectores de ingenier\u00eda, dise\u00f1o e inspecci\u00f3n de obras, la empresa tambi\u00e9n desarrolla soluciones espec\u00edficas para otras \u00e1reas.<\/p>\t\t\t\t\t\t\t\t<\/div>\n\t\t\t\t<\/div>\n\t\t\t\t<\/div>\n\t\t\t\t<\/div>\n\t\t\t\t<\/div>\n\t\t<div class=\"elementor-element elementor-element-91c6fea e-con-full e-flex e-con e-parent\" data-id=\"91c6fea\" data-element_type=\"container\" data-e-type=\"container\" data-settings=\"{&quot;background_background&quot;:&quot;classic&quot;}\">\n\t\t<div class=\"elementor-element elementor-element-82a15a5 e-con-full e-flex e-con e-child\" data-id=\"82a15a5\" data-element_type=\"container\" data-e-type=\"container\">\n\t\t<div class=\"elementor-element elementor-element-e874bdf e-con-full e-flex e-con e-child\" data-id=\"e874bdf\" data-element_type=\"container\" data-e-type=\"container\">\n\t\t\t\t<div class=\"elementor-element elementor-element-af2bfb8 elementor-widget elementor-widget-heading\" data-id=\"af2bfb8\" data-element_type=\"widget\" data-e-type=\"widget\" data-widget_type=\"heading.default\">\n\t\t\t\t<div class=\"elementor-widget-container\">\n\t\t\t\t\t<h2 class=\"elementor-heading-title elementor-size-default\">Partner Product<\/h2>\t\t\t\t<\/div>\n\t\t\t\t<\/div>\n\t\t\t\t<div class=\"elementor-element elementor-element-28d545d elementor-widget elementor-widget-text-editor\" data-id=\"28d545d\" data-element_type=\"widget\" data-e-type=\"widget\" data-widget_type=\"text-editor.default\">\n\t\t\t\t<div class=\"elementor-widget-container\">\n\t\t\t\t\t\t\t\t\t<p><b>Alit\u00e1Ware<\/b>\u00a0interpreta las necesidades de sus clientes y propone la adopci\u00f3n de herramientas tecnol\u00f3gicas adecuadas para afrontar los desaf\u00edos en ingenier\u00eda, arquitectura, infraestructura y construcci\u00f3n, asegurando el \u00e9xito en cada uno de sus proyectos.<\/p>\t\t\t\t\t\t\t\t<\/div>\n\t\t\t\t<\/div>\n\t\t\t\t<div class=\"elementor-element elementor-element-89541b3 elementor-align-left elementor-widget elementor-widget-button\" data-id=\"89541b3\" data-element_type=\"widget\" data-e-type=\"widget\" data-widget_type=\"button.default\">\n\t\t\t\t<div class=\"elementor-widget-container\">\n\t\t\t\t\t\t\t\t\t<div class=\"elementor-button-wrapper\">\n\t\t\t\t\t<a class=\"elementor-button elementor-button-link elementor-size-sm\" href=\"https:\/\/www.alitaware.com\/\" target=\"_blank\">\n\t\t\t\t\t\t<span class=\"elementor-button-content-wrapper\">\n\t\t\t\t\t\t\t\t\t<span class=\"elementor-button-text\">VISITAR LA WEB<\/span>\n\t\t\t\t\t<\/span>\n\t\t\t\t\t<\/a>\n\t\t\t\t<\/div>\n\t\t\t\t\t\t\t\t<\/div>\n\t\t\t\t<\/div>\n\t\t\t\t<\/div>\n\t\t<div class=\"elementor-element elementor-element-b80e73a e-con-full e-flex e-con e-child\" data-id=\"b80e73a\" data-element_type=\"container\" data-e-type=\"container\" data-settings=\"{&quot;background_background&quot;:&quot;classic&quot;}\">\n\t\t\t\t<\/div>\n\t\t\t\t<\/div>\n\t\t\t\t<\/div>\n\t\t\t\t<\/div>\n\t\t","protected":false},"excerpt":{"rendered":"<p>VISITAR LA WEB Generaci\u00f3n de soluciones innovadoras de transformaci\u00f3n digital Alit\u00e1Ware desarrolla e implementa software y servicios integrales que aportan valor, reducen costos y garantizan un retorno adecuado de la inversi\u00f3n. La empresa es un aliado clave en la transformaci\u00f3n digital, ayudando a las organizaciones a optimizar sus procesos mediante herramientas enfocadas en el negocio [&hellip;]<\/p>\n","protected":false},"author":1,"featured_media":4433,"parent":0,"menu_order":0,"comment_status":"closed","ping_status":"closed","template":"elementor_header_footer","meta":{"footnotes":""},"class_list":["post-3450","page","type-page","status-publish","has-post-thumbnail","hentry"],"yoast_head":"<!-- This site is optimized with the Yoast SEO plugin v27.6 - https:\/\/yoast.com\/product\/yoast-seo-wordpress\/ -->\n<title>Alit\u00e1Ware - Soluciones innovadoras de transformaci\u00f3n digital<\/title>\n<meta name=\"description\" content=\"Alit\u00e1Ware desarrolla e implementa software y servicios integrales que aportan valor, reducen costos y garantizan un retorno adecuado de la inversi\u00f3n. La empresa es un aliado clave en la transformaci\u00f3n digital, ayudando a las organizaciones a optimizar sus procesos mediante herramientas enfocadas en el negocio y en el usuario.\" \/>\n<meta name=\"robots\" content=\"index, follow, max-snippet:-1, max-image-preview:large, max-video-preview:-1\" \/>\n<link rel=\"canonical\" href=\"https:\/\/clusterciar.com.ar\/clu2024\/alitaware\/\" \/>\n<meta property=\"og:locale\" content=\"es_ES\" \/>\n<meta property=\"og:type\" content=\"article\" \/>\n<meta property=\"og:title\" content=\"Alit\u00e1Ware - Soluciones innovadoras de transformaci\u00f3n digital\" \/>\n<meta property=\"og:description\" content=\"Alit\u00e1Ware desarrolla e implementa software y servicios integrales que aportan valor, reducen costos y garantizan un retorno adecuado de la inversi\u00f3n. La empresa es un aliado clave en la transformaci\u00f3n digital, ayudando a las organizaciones a optimizar sus procesos mediante herramientas enfocadas en el negocio y en el usuario.\" \/>\n<meta property=\"og:url\" content=\"https:\/\/clusterciar.com.ar\/clu2024\/alitaware\/\" \/>\n<meta property=\"og:site_name\" content=\"Clusterciar\" \/>\n<meta property=\"article:modified_time\" content=\"2025-03-27T16:22:53+00:00\" \/>\n<meta property=\"og:image\" content=\"https:\/\/clusterciar.com.ar\/clu2024\/wp-content\/uploads\/2025\/02\/partner-product.jpg\" \/>\n\t<meta property=\"og:image:width\" content=\"1080\" \/>\n\t<meta property=\"og:image:height\" content=\"1427\" \/>\n\t<meta property=\"og:image:type\" content=\"image\/jpeg\" \/>\n<meta name=\"twitter:card\" content=\"summary_large_image\" \/>\n<meta name=\"twitter:label1\" content=\"Tiempo de lectura\" \/>\n\t<meta name=\"twitter:data1\" content=\"2 minutos\" \/>\n<script type=\"application\/ld+json\" class=\"yoast-schema-graph\">{\"@context\":\"https:\\\/\\\/schema.org\",\"@graph\":[{\"@type\":\"WebPage\",\"@id\":\"https:\\\/\\\/clusterciar.com.ar\\\/clu2024\\\/alitaware\\\/\",\"url\":\"https:\\\/\\\/clusterciar.com.ar\\\/clu2024\\\/alitaware\\\/\",\"name\":\"Alit\u00e1Ware - Soluciones innovadoras de transformaci\u00f3n digital\",\"isPartOf\":{\"@id\":\"https:\\\/\\\/clusterciar.com.ar\\\/clu2024\\\/#website\"},\"primaryImageOfPage\":{\"@id\":\"https:\\\/\\\/clusterciar.com.ar\\\/clu2024\\\/alitaware\\\/#primaryimage\"},\"image\":{\"@id\":\"https:\\\/\\\/clusterciar.com.ar\\\/clu2024\\\/alitaware\\\/#primaryimage\"},\"thumbnailUrl\":\"https:\\\/\\\/clusterciar.com.ar\\\/clu2024\\\/wp-content\\\/uploads\\\/2025\\\/02\\\/partner-product.jpg\",\"datePublished\":\"2024-12-26T23:00:26+00:00\",\"dateModified\":\"2025-03-27T16:22:53+00:00\",\"description\":\"Alit\u00e1Ware desarrolla e implementa software y servicios integrales que aportan valor, reducen costos y garantizan un retorno adecuado de la inversi\u00f3n. La empresa es un aliado clave en la transformaci\u00f3n digital, ayudando a las organizaciones a optimizar sus procesos mediante herramientas enfocadas en el negocio y en el usuario.\",\"breadcrumb\":{\"@id\":\"https:\\\/\\\/clusterciar.com.ar\\\/clu2024\\\/alitaware\\\/#breadcrumb\"},\"inLanguage\":\"es\",\"potentialAction\":[{\"@type\":\"ReadAction\",\"target\":[\"https:\\\/\\\/clusterciar.com.ar\\\/clu2024\\\/alitaware\\\/\"]}]},{\"@type\":\"ImageObject\",\"inLanguage\":\"es\",\"@id\":\"https:\\\/\\\/clusterciar.com.ar\\\/clu2024\\\/alitaware\\\/#primaryimage\",\"url\":\"https:\\\/\\\/clusterciar.com.ar\\\/clu2024\\\/wp-content\\\/uploads\\\/2025\\\/02\\\/partner-product.jpg\",\"contentUrl\":\"https:\\\/\\\/clusterciar.com.ar\\\/clu2024\\\/wp-content\\\/uploads\\\/2025\\\/02\\\/partner-product.jpg\",\"width\":1080,\"height\":1427},{\"@type\":\"BreadcrumbList\",\"@id\":\"https:\\\/\\\/clusterciar.com.ar\\\/clu2024\\\/alitaware\\\/#breadcrumb\",\"itemListElement\":[{\"@type\":\"ListItem\",\"position\":1,\"name\":\"Portada\",\"item\":\"https:\\\/\\\/clusterciar.com.ar\\\/clu2024\\\/\"},{\"@type\":\"ListItem\",\"position\":2,\"name\":\"Alit\u00e1Ware\"}]},{\"@type\":\"WebSite\",\"@id\":\"https:\\\/\\\/clusterciar.com.ar\\\/clu2024\\\/#website\",\"url\":\"https:\\\/\\\/clusterciar.com.ar\\\/clu2024\\\/\",\"name\":\"Clusterciar.com.ar\",\"description\":\"Potenciamos tu energ\u00eda.\",\"publisher\":{\"@id\":\"https:\\\/\\\/clusterciar.com.ar\\\/clu2024\\\/#organization\"},\"potentialAction\":[{\"@type\":\"SearchAction\",\"target\":{\"@type\":\"EntryPoint\",\"urlTemplate\":\"https:\\\/\\\/clusterciar.com.ar\\\/clu2024\\\/?s={search_term_string}\"},\"query-input\":{\"@type\":\"PropertyValueSpecification\",\"valueRequired\":true,\"valueName\":\"search_term_string\"}}],\"inLanguage\":\"es\"},{\"@type\":\"Organization\",\"@id\":\"https:\\\/\\\/clusterciar.com.ar\\\/clu2024\\\/#organization\",\"name\":\"Clusterciar\",\"url\":\"https:\\\/\\\/clusterciar.com.ar\\\/clu2024\\\/\",\"logo\":{\"@type\":\"ImageObject\",\"inLanguage\":\"es\",\"@id\":\"https:\\\/\\\/clusterciar.com.ar\\\/clu2024\\\/#\\\/schema\\\/logo\\\/image\\\/\",\"url\":\"https:\\\/\\\/clusterciar.com.ar\\\/clu2024\\\/wp-content\\\/uploads\\\/2025\\\/03\\\/cropped-favicon-Clusterciar.png\",\"contentUrl\":\"https:\\\/\\\/clusterciar.com.ar\\\/clu2024\\\/wp-content\\\/uploads\\\/2025\\\/03\\\/cropped-favicon-Clusterciar.png\",\"width\":512,\"height\":512,\"caption\":\"Clusterciar\"},\"image\":{\"@id\":\"https:\\\/\\\/clusterciar.com.ar\\\/clu2024\\\/#\\\/schema\\\/logo\\\/image\\\/\"},\"sameAs\":[\"https:\\\/\\\/www.linkedin.com\\\/company\\\/clusterciar\",\"https:\\\/\\\/www.youtube.com\\\/@clusterciar9595\"]}]}<\/script>\n<!-- \/ Yoast SEO plugin. -->","yoast_head_json":{"title":"Alit\u00e1Ware - Soluciones innovadoras de transformaci\u00f3n digital","description":"Alit\u00e1Ware desarrolla e implementa software y servicios integrales que aportan valor, reducen costos y garantizan un retorno adecuado de la inversi\u00f3n. La empresa es un aliado clave en la transformaci\u00f3n digital, ayudando a las organizaciones a optimizar sus procesos mediante herramientas enfocadas en el negocio y en el usuario.","robots":{"index":"index","follow":"follow","max-snippet":"max-snippet:-1","max-image-preview":"max-image-preview:large","max-video-preview":"max-video-preview:-1"},"canonical":"https:\/\/clusterciar.com.ar\/clu2024\/alitaware\/","og_locale":"es_ES","og_type":"article","og_title":"Alit\u00e1Ware - Soluciones innovadoras de transformaci\u00f3n digital","og_description":"Alit\u00e1Ware desarrolla e implementa software y servicios integrales que aportan valor, reducen costos y garantizan un retorno adecuado de la inversi\u00f3n. La empresa es un aliado clave en la transformaci\u00f3n digital, ayudando a las organizaciones a optimizar sus procesos mediante herramientas enfocadas en el negocio y en el usuario.","og_url":"https:\/\/clusterciar.com.ar\/clu2024\/alitaware\/","og_site_name":"Clusterciar","article_modified_time":"2025-03-27T16:22:53+00:00","og_image":[{"width":1080,"height":1427,"url":"https:\/\/clusterciar.com.ar\/clu2024\/wp-content\/uploads\/2025\/02\/partner-product.jpg","type":"image\/jpeg"}],"twitter_card":"summary_large_image","twitter_misc":{"Tiempo de lectura":"2 minutos"},"schema":{"@context":"https:\/\/schema.org","@graph":[{"@type":"WebPage","@id":"https:\/\/clusterciar.com.ar\/clu2024\/alitaware\/","url":"https:\/\/clusterciar.com.ar\/clu2024\/alitaware\/","name":"Alit\u00e1Ware - Soluciones innovadoras de transformaci\u00f3n digital","isPartOf":{"@id":"https:\/\/clusterciar.com.ar\/clu2024\/#website"},"primaryImageOfPage":{"@id":"https:\/\/clusterciar.com.ar\/clu2024\/alitaware\/#primaryimage"},"image":{"@id":"https:\/\/clusterciar.com.ar\/clu2024\/alitaware\/#primaryimage"},"thumbnailUrl":"https:\/\/clusterciar.com.ar\/clu2024\/wp-content\/uploads\/2025\/02\/partner-product.jpg","datePublished":"2024-12-26T23:00:26+00:00","dateModified":"2025-03-27T16:22:53+00:00","description":"Alit\u00e1Ware desarrolla e implementa software y servicios integrales que aportan valor, reducen costos y garantizan un retorno adecuado de la inversi\u00f3n. La empresa es un aliado clave en la transformaci\u00f3n digital, ayudando a las organizaciones a optimizar sus procesos mediante herramientas enfocadas en el negocio y en el usuario.","breadcrumb":{"@id":"https:\/\/clusterciar.com.ar\/clu2024\/alitaware\/#breadcrumb"},"inLanguage":"es","potentialAction":[{"@type":"ReadAction","target":["https:\/\/clusterciar.com.ar\/clu2024\/alitaware\/"]}]},{"@type":"ImageObject","inLanguage":"es","@id":"https:\/\/clusterciar.com.ar\/clu2024\/alitaware\/#primaryimage","url":"https:\/\/clusterciar.com.ar\/clu2024\/wp-content\/uploads\/2025\/02\/partner-product.jpg","contentUrl":"https:\/\/clusterciar.com.ar\/clu2024\/wp-content\/uploads\/2025\/02\/partner-product.jpg","width":1080,"height":1427},{"@type":"BreadcrumbList","@id":"https:\/\/clusterciar.com.ar\/clu2024\/alitaware\/#breadcrumb","itemListElement":[{"@type":"ListItem","position":1,"name":"Portada","item":"https:\/\/clusterciar.com.ar\/clu2024\/"},{"@type":"ListItem","position":2,"name":"Alit\u00e1Ware"}]},{"@type":"WebSite","@id":"https:\/\/clusterciar.com.ar\/clu2024\/#website","url":"https:\/\/clusterciar.com.ar\/clu2024\/","name":"Clusterciar.com.ar","description":"Potenciamos tu energ\u00eda.","publisher":{"@id":"https:\/\/clusterciar.com.ar\/clu2024\/#organization"},"potentialAction":[{"@type":"SearchAction","target":{"@type":"EntryPoint","urlTemplate":"https:\/\/clusterciar.com.ar\/clu2024\/?s={search_term_string}"},"query-input":{"@type":"PropertyValueSpecification","valueRequired":true,"valueName":"search_term_string"}}],"inLanguage":"es"},{"@type":"Organization","@id":"https:\/\/clusterciar.com.ar\/clu2024\/#organization","name":"Clusterciar","url":"https:\/\/clusterciar.com.ar\/clu2024\/","logo":{"@type":"ImageObject","inLanguage":"es","@id":"https:\/\/clusterciar.com.ar\/clu2024\/#\/schema\/logo\/image\/","url":"https:\/\/clusterciar.com.ar\/clu2024\/wp-content\/uploads\/2025\/03\/cropped-favicon-Clusterciar.png","contentUrl":"https:\/\/clusterciar.com.ar\/clu2024\/wp-content\/uploads\/2025\/03\/cropped-favicon-Clusterciar.png","width":512,"height":512,"caption":"Clusterciar"},"image":{"@id":"https:\/\/clusterciar.com.ar\/clu2024\/#\/schema\/logo\/image\/"},"sameAs":["https:\/\/www.linkedin.com\/company\/clusterciar","https:\/\/www.youtube.com\/@clusterciar9595"]}]}},"_links":{"self":[{"href":"https:\/\/clusterciar.com.ar\/clu2024\/wp-json\/wp\/v2\/pages\/3450","targetHints":{"allow":["GET"]}}],"collection":[{"href":"https:\/\/clusterciar.com.ar\/clu2024\/wp-json\/wp\/v2\/pages"}],"about":[{"href":"https:\/\/clusterciar.com.ar\/clu2024\/wp-json\/wp\/v2\/types\/page"}],"author":[{"embeddable":true,"href":"https:\/\/clusterciar.com.ar\/clu2024\/wp-json\/wp\/v2\/users\/1"}],"replies":[{"embeddable":true,"href":"https:\/\/clusterciar.com.ar\/clu2024\/wp-json\/wp\/v2\/comments?post=3450"}],"version-history":[{"count":31,"href":"https:\/\/clusterciar.com.ar\/clu2024\/wp-json\/wp\/v2\/pages\/3450\/revisions"}],"predecessor-version":[{"id":4972,"href":"https:\/\/clusterciar.com.ar\/clu2024\/wp-json\/wp\/v2\/pages\/3450\/revisions\/4972"}],"wp:featuredmedia":[{"embeddable":true,"href":"https:\/\/clusterciar.com.ar\/clu2024\/wp-json\/wp\/v2\/media\/4433"}],"wp:attachment":[{"href":"https:\/\/clusterciar.com.ar\/clu2024\/wp-json\/wp\/v2\/media?parent=3450"}],"curies":[{"name":"wp","href":"https:\/\/api.w.org\/{rel}","templated":true}]}}