{"id":3413,"date":"2024-12-26T19:33:32","date_gmt":"2024-12-26T22:33:32","guid":{"rendered":"https:\/\/clusterciar.com.ar\/clu2024\/?page_id=3413"},"modified":"2025-03-27T13:19:52","modified_gmt":"2025-03-27T16:19:52","slug":"rsn","status":"publish","type":"page","link":"https:\/\/clusterciar.com.ar\/clu2024\/rsn\/","title":{"rendered":"RSN"},"content":{"rendered":"\t\t<div data-elementor-type=\"wp-page\" data-elementor-id=\"3413\" class=\"elementor elementor-3413\" data-elementor-post-type=\"page\">\n\t\t\t\t<div class=\"elementor-element elementor-element-7208c25 e-con-full e-flex e-con e-parent\" data-id=\"7208c25\" data-element_type=\"container\" data-e-type=\"container\" data-settings=\"{&quot;background_background&quot;:&quot;classic&quot;}\">\n\t\t<div class=\"elementor-element elementor-element-1c9dca1 e-con-full e-flex e-con e-child\" data-id=\"1c9dca1\" data-element_type=\"container\" data-e-type=\"container\">\n\t\t<div class=\"elementor-element elementor-element-a0e5e91 e-con-full e-flex e-con e-child\" data-id=\"a0e5e91\" data-element_type=\"container\" data-e-type=\"container\" data-settings=\"{&quot;background_background&quot;:&quot;gradient&quot;}\">\n\t\t\t\t<div class=\"elementor-element elementor-element-eb8ac2c elementor-widget elementor-widget-image\" data-id=\"eb8ac2c\" data-element_type=\"widget\" data-e-type=\"widget\" data-widget_type=\"image.default\">\n\t\t\t\t<div class=\"elementor-widget-container\">\n\t\t\t\t\t\t\t\t\t\t\t\t\t\t\t<img fetchpriority=\"high\" decoding=\"async\" width=\"800\" height=\"315\" src=\"https:\/\/clusterciar.com.ar\/clu2024\/wp-content\/uploads\/2024\/12\/rsn-blanco-1.png\" class=\"attachment-large size-large wp-image-3415\" alt=\"\" srcset=\"https:\/\/clusterciar.com.ar\/clu2024\/wp-content\/uploads\/2024\/12\/rsn-blanco-1.png 962w, https:\/\/clusterciar.com.ar\/clu2024\/wp-content\/uploads\/2024\/12\/rsn-blanco-1-300x118.png 300w, https:\/\/clusterciar.com.ar\/clu2024\/wp-content\/uploads\/2024\/12\/rsn-blanco-1-768x303.png 768w\" sizes=\"(max-width: 800px) 100vw, 800px\" \/>\t\t\t\t\t\t\t\t\t\t\t\t\t\t\t<\/div>\n\t\t\t\t<\/div>\n\t\t\t\t<\/div>\n\t\t<div class=\"elementor-element elementor-element-e82a8c0 e-con-full e-flex e-con e-child\" data-id=\"e82a8c0\" data-element_type=\"container\" data-e-type=\"container\" data-settings=\"{&quot;background_background&quot;:&quot;classic&quot;}\">\n\t\t\t\t<div class=\"elementor-element elementor-element-3d1b8bb elementor-align-left elementor-widget elementor-widget-button\" data-id=\"3d1b8bb\" data-element_type=\"widget\" data-e-type=\"widget\" data-widget_type=\"button.default\">\n\t\t\t\t<div class=\"elementor-widget-container\">\n\t\t\t\t\t\t\t\t\t<div class=\"elementor-button-wrapper\">\n\t\t\t\t\t<a class=\"elementor-button elementor-button-link elementor-size-sm\" href=\"https:\/\/rsngestion.com.ar\/\" target=\"_blank\">\n\t\t\t\t\t\t<span class=\"elementor-button-content-wrapper\">\n\t\t\t\t\t\t\t\t\t<span class=\"elementor-button-text\">VISITAR LA WEB<\/span>\n\t\t\t\t\t<\/span>\n\t\t\t\t\t<\/a>\n\t\t\t\t<\/div>\n\t\t\t\t\t\t\t\t<\/div>\n\t\t\t\t<\/div>\n\t\t\t\t<\/div>\n\t\t\t\t<\/div>\n\t\t\t\t<\/div>\n\t\t<div class=\"elementor-element elementor-element-80b7d65 e-con-full e-flex e-con e-parent\" data-id=\"80b7d65\" data-element_type=\"container\" data-e-type=\"container\" data-settings=\"{&quot;background_background&quot;:&quot;classic&quot;}\">\n\t\t<div class=\"elementor-element elementor-element-4bc6723 e-con-full e-flex e-con e-child\" data-id=\"4bc6723\" data-element_type=\"container\" data-e-type=\"container\">\n\t\t<div class=\"elementor-element elementor-element-7960ab6 e-con-full e-flex e-con e-child\" data-id=\"7960ab6\" data-element_type=\"container\" data-e-type=\"container\">\n\t\t\t\t<div class=\"elementor-element elementor-element-9a3ccd5 elementor-widget elementor-widget-heading\" data-id=\"9a3ccd5\" data-element_type=\"widget\" data-e-type=\"widget\" data-widget_type=\"heading.default\">\n\t\t\t\t<div class=\"elementor-widget-container\">\n\t\t\t\t\t<h2 class=\"elementor-heading-title elementor-size-default\">Soluciones integrales en tercerizaci\u00f3n de personal y procesos<\/h2>\t\t\t\t<\/div>\n\t\t\t\t<\/div>\n\t\t\t\t<div class=\"elementor-element elementor-element-4868f46 elementor-widget elementor-widget-text-editor\" data-id=\"4868f46\" data-element_type=\"widget\" data-e-type=\"widget\" data-widget_type=\"text-editor.default\">\n\t\t\t\t<div class=\"elementor-widget-container\">\n\t\t\t\t\t\t\t\t\t<p><b>RSN<\/b>\u00a0gestiona soluciones integrales para tercerizaci\u00f3n, enfoc\u00e1ndose en aumentar la productividad de sus clientes. Con una visi\u00f3n orientada al futuro, responde con agilidad y eficiencia a las demandas de personal temporal o permanente, abarcando diferentes niveles, industrias y seniorities.<\/p>\t\t\t\t\t\t\t\t<\/div>\n\t\t\t\t<\/div>\n\t\t\t\t<\/div>\n\t\t<div class=\"elementor-element elementor-element-0666726 e-con-full e-flex e-con e-child\" data-id=\"0666726\" data-element_type=\"container\" data-e-type=\"container\" data-settings=\"{&quot;background_background&quot;:&quot;classic&quot;}\">\n\t\t\t\t<\/div>\n\t\t\t\t<\/div>\n\t\t\t\t<\/div>\n\t\t<div class=\"elementor-element elementor-element-91c6fea e-con-full e-flex e-con e-parent\" data-id=\"91c6fea\" data-element_type=\"container\" data-e-type=\"container\" data-settings=\"{&quot;background_background&quot;:&quot;classic&quot;}\">\n\t\t<div class=\"elementor-element elementor-element-82a15a5 e-con-full e-flex e-con e-child\" data-id=\"82a15a5\" data-element_type=\"container\" data-e-type=\"container\">\n\t\t<div class=\"elementor-element elementor-element-b80e73a e-con-full e-flex e-con e-child\" data-id=\"b80e73a\" data-element_type=\"container\" data-e-type=\"container\" data-settings=\"{&quot;background_background&quot;:&quot;classic&quot;}\">\n\t\t\t\t<\/div>\n\t\t<div class=\"elementor-element elementor-element-e874bdf e-con-full e-flex e-con e-child\" data-id=\"e874bdf\" data-element_type=\"container\" data-e-type=\"container\">\n\t\t\t\t<div class=\"elementor-element elementor-element-f945675 elementor-widget elementor-widget-heading\" data-id=\"f945675\" data-element_type=\"widget\" data-e-type=\"widget\" data-widget_type=\"heading.default\">\n\t\t\t\t<div class=\"elementor-widget-container\">\n\t\t\t\t\t<h2 class=\"elementor-heading-title elementor-size-default\">Amplia cobertura y especializaci\u00f3n en perfiles clave<\/h2>\t\t\t\t<\/div>\n\t\t\t\t<\/div>\n\t\t\t\t<div class=\"elementor-element elementor-element-a9764b4 elementor-widget elementor-widget-text-editor\" data-id=\"a9764b4\" data-element_type=\"widget\" data-e-type=\"widget\" data-widget_type=\"text-editor.default\">\n\t\t\t\t<div class=\"elementor-widget-container\">\n\t\t\t\t\t\t\t\t\t<p>Con amplia cobertura geogr\u00e1fica, <b>RSN<\/b> se especializa en perfiles como personal de campo, supervisores, staff interno, profesionales de ingenier\u00eda y TI, administradores de contratos y gerentes de proyectos, adapt\u00e1ndose a las necesidades espec\u00edficas de cada negocio.<\/p>\t\t\t\t\t\t\t\t<\/div>\n\t\t\t\t<\/div>\n\t\t\t\t<div class=\"elementor-element elementor-element-89541b3 elementor-align-left elementor-widget elementor-widget-button\" data-id=\"89541b3\" data-element_type=\"widget\" data-e-type=\"widget\" data-widget_type=\"button.default\">\n\t\t\t\t<div class=\"elementor-widget-container\">\n\t\t\t\t\t\t\t\t\t<div class=\"elementor-button-wrapper\">\n\t\t\t\t\t<a class=\"elementor-button elementor-button-link elementor-size-sm\" href=\"https:\/\/rsngestion.com.ar\/\" target=\"_blank\">\n\t\t\t\t\t\t<span class=\"elementor-button-content-wrapper\">\n\t\t\t\t\t\t\t\t\t<span class=\"elementor-button-text\">VISITAR LA WEB<\/span>\n\t\t\t\t\t<\/span>\n\t\t\t\t\t<\/a>\n\t\t\t\t<\/div>\n\t\t\t\t\t\t\t\t<\/div>\n\t\t\t\t<\/div>\n\t\t\t\t<\/div>\n\t\t\t\t<\/div>\n\t\t\t\t<\/div>\n\t\t\t\t<\/div>\n\t\t","protected":false},"excerpt":{"rendered":"<p>VISITAR LA WEB Soluciones integrales en tercerizaci\u00f3n de personal y procesos RSN\u00a0gestiona soluciones integrales para tercerizaci\u00f3n, enfoc\u00e1ndose en aumentar la productividad de sus clientes. Con una visi\u00f3n orientada al futuro, responde con agilidad y eficiencia a las demandas de personal temporal o permanente, abarcando diferentes niveles, industrias y seniorities. Amplia cobertura y especializaci\u00f3n en perfiles [&hellip;]<\/p>\n","protected":false},"author":1,"featured_media":235,"parent":0,"menu_order":0,"comment_status":"closed","ping_status":"closed","template":"elementor_header_footer","meta":{"footnotes":""},"class_list":["post-3413","page","type-page","status-publish","has-post-thumbnail","hentry"],"yoast_head":"<!-- This site is optimized with the Yoast SEO plugin v27.5 - https:\/\/yoast.com\/product\/yoast-seo-wordpress\/ -->\n<title>RSN - Soluciones integrales en tercerizaci\u00f3n de personal y procesos<\/title>\n<meta name=\"description\" content=\"RSN gestiona soluciones integrales para tercerizaci\u00f3n, enfoc\u00e1ndose en aumentar la productividad de sus clientes. Con una visi\u00f3n orientada al futuro, responde con agilidad y eficiencia a las demandas de personal temporal o permanente, abarcando diferentes niveles, industrias y seniorities.\" \/>\n<meta name=\"robots\" content=\"index, follow, max-snippet:-1, max-image-preview:large, max-video-preview:-1\" \/>\n<link rel=\"canonical\" href=\"https:\/\/clusterciar.com.ar\/clu2024\/rsn\/\" \/>\n<meta property=\"og:locale\" content=\"es_ES\" \/>\n<meta property=\"og:type\" content=\"article\" \/>\n<meta property=\"og:title\" content=\"RSN - Soluciones integrales en tercerizaci\u00f3n de personal y procesos\" \/>\n<meta property=\"og:description\" content=\"RSN gestiona soluciones integrales para tercerizaci\u00f3n, enfoc\u00e1ndose en aumentar la productividad de sus clientes. Con una visi\u00f3n orientada al futuro, responde con agilidad y eficiencia a las demandas de personal temporal o permanente, abarcando diferentes niveles, industrias y seniorities.\" \/>\n<meta property=\"og:url\" content=\"https:\/\/clusterciar.com.ar\/clu2024\/rsn\/\" \/>\n<meta property=\"og:site_name\" content=\"Clusterciar\" \/>\n<meta property=\"article:modified_time\" content=\"2025-03-27T16:19:52+00:00\" \/>\n<meta property=\"og:image\" content=\"https:\/\/clusterciar.com.ar\/clu2024\/wp-content\/uploads\/2024\/11\/junto-a-clientes2.jpg\" \/>\n\t<meta property=\"og:image:width\" content=\"1920\" \/>\n\t<meta property=\"og:image:height\" content=\"1280\" \/>\n\t<meta property=\"og:image:type\" content=\"image\/jpeg\" \/>\n<meta name=\"twitter:card\" content=\"summary_large_image\" \/>\n<meta name=\"twitter:label1\" content=\"Tiempo de lectura\" \/>\n\t<meta name=\"twitter:data1\" content=\"1 minuto\" \/>\n<script type=\"application\/ld+json\" class=\"yoast-schema-graph\">{\"@context\":\"https:\\\/\\\/schema.org\",\"@graph\":[{\"@type\":\"WebPage\",\"@id\":\"https:\\\/\\\/clusterciar.com.ar\\\/clu2024\\\/rsn\\\/\",\"url\":\"https:\\\/\\\/clusterciar.com.ar\\\/clu2024\\\/rsn\\\/\",\"name\":\"RSN - Soluciones integrales en tercerizaci\u00f3n de personal y procesos\",\"isPartOf\":{\"@id\":\"https:\\\/\\\/clusterciar.com.ar\\\/clu2024\\\/#website\"},\"primaryImageOfPage\":{\"@id\":\"https:\\\/\\\/clusterciar.com.ar\\\/clu2024\\\/rsn\\\/#primaryimage\"},\"image\":{\"@id\":\"https:\\\/\\\/clusterciar.com.ar\\\/clu2024\\\/rsn\\\/#primaryimage\"},\"thumbnailUrl\":\"https:\\\/\\\/clusterciar.com.ar\\\/clu2024\\\/wp-content\\\/uploads\\\/2024\\\/11\\\/junto-a-clientes2.jpg\",\"datePublished\":\"2024-12-26T22:33:32+00:00\",\"dateModified\":\"2025-03-27T16:19:52+00:00\",\"description\":\"RSN gestiona soluciones integrales para tercerizaci\u00f3n, enfoc\u00e1ndose en aumentar la productividad de sus clientes. Con una visi\u00f3n orientada al futuro, responde con agilidad y eficiencia a las demandas de personal temporal o permanente, abarcando diferentes niveles, industrias y seniorities.\",\"breadcrumb\":{\"@id\":\"https:\\\/\\\/clusterciar.com.ar\\\/clu2024\\\/rsn\\\/#breadcrumb\"},\"inLanguage\":\"es\",\"potentialAction\":[{\"@type\":\"ReadAction\",\"target\":[\"https:\\\/\\\/clusterciar.com.ar\\\/clu2024\\\/rsn\\\/\"]}]},{\"@type\":\"ImageObject\",\"inLanguage\":\"es\",\"@id\":\"https:\\\/\\\/clusterciar.com.ar\\\/clu2024\\\/rsn\\\/#primaryimage\",\"url\":\"https:\\\/\\\/clusterciar.com.ar\\\/clu2024\\\/wp-content\\\/uploads\\\/2024\\\/11\\\/junto-a-clientes2.jpg\",\"contentUrl\":\"https:\\\/\\\/clusterciar.com.ar\\\/clu2024\\\/wp-content\\\/uploads\\\/2024\\\/11\\\/junto-a-clientes2.jpg\",\"width\":1920,\"height\":1280},{\"@type\":\"BreadcrumbList\",\"@id\":\"https:\\\/\\\/clusterciar.com.ar\\\/clu2024\\\/rsn\\\/#breadcrumb\",\"itemListElement\":[{\"@type\":\"ListItem\",\"position\":1,\"name\":\"Portada\",\"item\":\"https:\\\/\\\/clusterciar.com.ar\\\/clu2024\\\/\"},{\"@type\":\"ListItem\",\"position\":2,\"name\":\"RSN\"}]},{\"@type\":\"WebSite\",\"@id\":\"https:\\\/\\\/clusterciar.com.ar\\\/clu2024\\\/#website\",\"url\":\"https:\\\/\\\/clusterciar.com.ar\\\/clu2024\\\/\",\"name\":\"Clusterciar.com.ar\",\"description\":\"Potenciamos tu energ\u00eda.\",\"publisher\":{\"@id\":\"https:\\\/\\\/clusterciar.com.ar\\\/clu2024\\\/#organization\"},\"potentialAction\":[{\"@type\":\"SearchAction\",\"target\":{\"@type\":\"EntryPoint\",\"urlTemplate\":\"https:\\\/\\\/clusterciar.com.ar\\\/clu2024\\\/?s={search_term_string}\"},\"query-input\":{\"@type\":\"PropertyValueSpecification\",\"valueRequired\":true,\"valueName\":\"search_term_string\"}}],\"inLanguage\":\"es\"},{\"@type\":\"Organization\",\"@id\":\"https:\\\/\\\/clusterciar.com.ar\\\/clu2024\\\/#organization\",\"name\":\"Clusterciar\",\"url\":\"https:\\\/\\\/clusterciar.com.ar\\\/clu2024\\\/\",\"logo\":{\"@type\":\"ImageObject\",\"inLanguage\":\"es\",\"@id\":\"https:\\\/\\\/clusterciar.com.ar\\\/clu2024\\\/#\\\/schema\\\/logo\\\/image\\\/\",\"url\":\"https:\\\/\\\/clusterciar.com.ar\\\/clu2024\\\/wp-content\\\/uploads\\\/2025\\\/03\\\/cropped-favicon-Clusterciar.png\",\"contentUrl\":\"https:\\\/\\\/clusterciar.com.ar\\\/clu2024\\\/wp-content\\\/uploads\\\/2025\\\/03\\\/cropped-favicon-Clusterciar.png\",\"width\":512,\"height\":512,\"caption\":\"Clusterciar\"},\"image\":{\"@id\":\"https:\\\/\\\/clusterciar.com.ar\\\/clu2024\\\/#\\\/schema\\\/logo\\\/image\\\/\"},\"sameAs\":[\"https:\\\/\\\/www.linkedin.com\\\/company\\\/clusterciar\",\"https:\\\/\\\/www.youtube.com\\\/@clusterciar9595\"]}]}<\/script>\n<!-- \/ Yoast SEO plugin. -->","yoast_head_json":{"title":"RSN - Soluciones integrales en tercerizaci\u00f3n de personal y procesos","description":"RSN gestiona soluciones integrales para tercerizaci\u00f3n, enfoc\u00e1ndose en aumentar la productividad de sus clientes. Con una visi\u00f3n orientada al futuro, responde con agilidad y eficiencia a las demandas de personal temporal o permanente, abarcando diferentes niveles, industrias y seniorities.","robots":{"index":"index","follow":"follow","max-snippet":"max-snippet:-1","max-image-preview":"max-image-preview:large","max-video-preview":"max-video-preview:-1"},"canonical":"https:\/\/clusterciar.com.ar\/clu2024\/rsn\/","og_locale":"es_ES","og_type":"article","og_title":"RSN - Soluciones integrales en tercerizaci\u00f3n de personal y procesos","og_description":"RSN gestiona soluciones integrales para tercerizaci\u00f3n, enfoc\u00e1ndose en aumentar la productividad de sus clientes. Con una visi\u00f3n orientada al futuro, responde con agilidad y eficiencia a las demandas de personal temporal o permanente, abarcando diferentes niveles, industrias y seniorities.","og_url":"https:\/\/clusterciar.com.ar\/clu2024\/rsn\/","og_site_name":"Clusterciar","article_modified_time":"2025-03-27T16:19:52+00:00","og_image":[{"width":1920,"height":1280,"url":"https:\/\/clusterciar.com.ar\/clu2024\/wp-content\/uploads\/2024\/11\/junto-a-clientes2.jpg","type":"image\/jpeg"}],"twitter_card":"summary_large_image","twitter_misc":{"Tiempo de lectura":"1 minuto"},"schema":{"@context":"https:\/\/schema.org","@graph":[{"@type":"WebPage","@id":"https:\/\/clusterciar.com.ar\/clu2024\/rsn\/","url":"https:\/\/clusterciar.com.ar\/clu2024\/rsn\/","name":"RSN - Soluciones integrales en tercerizaci\u00f3n de personal y procesos","isPartOf":{"@id":"https:\/\/clusterciar.com.ar\/clu2024\/#website"},"primaryImageOfPage":{"@id":"https:\/\/clusterciar.com.ar\/clu2024\/rsn\/#primaryimage"},"image":{"@id":"https:\/\/clusterciar.com.ar\/clu2024\/rsn\/#primaryimage"},"thumbnailUrl":"https:\/\/clusterciar.com.ar\/clu2024\/wp-content\/uploads\/2024\/11\/junto-a-clientes2.jpg","datePublished":"2024-12-26T22:33:32+00:00","dateModified":"2025-03-27T16:19:52+00:00","description":"RSN gestiona soluciones integrales para tercerizaci\u00f3n, enfoc\u00e1ndose en aumentar la productividad de sus clientes. Con una visi\u00f3n orientada al futuro, responde con agilidad y eficiencia a las demandas de personal temporal o permanente, abarcando diferentes niveles, industrias y seniorities.","breadcrumb":{"@id":"https:\/\/clusterciar.com.ar\/clu2024\/rsn\/#breadcrumb"},"inLanguage":"es","potentialAction":[{"@type":"ReadAction","target":["https:\/\/clusterciar.com.ar\/clu2024\/rsn\/"]}]},{"@type":"ImageObject","inLanguage":"es","@id":"https:\/\/clusterciar.com.ar\/clu2024\/rsn\/#primaryimage","url":"https:\/\/clusterciar.com.ar\/clu2024\/wp-content\/uploads\/2024\/11\/junto-a-clientes2.jpg","contentUrl":"https:\/\/clusterciar.com.ar\/clu2024\/wp-content\/uploads\/2024\/11\/junto-a-clientes2.jpg","width":1920,"height":1280},{"@type":"BreadcrumbList","@id":"https:\/\/clusterciar.com.ar\/clu2024\/rsn\/#breadcrumb","itemListElement":[{"@type":"ListItem","position":1,"name":"Portada","item":"https:\/\/clusterciar.com.ar\/clu2024\/"},{"@type":"ListItem","position":2,"name":"RSN"}]},{"@type":"WebSite","@id":"https:\/\/clusterciar.com.ar\/clu2024\/#website","url":"https:\/\/clusterciar.com.ar\/clu2024\/","name":"Clusterciar.com.ar","description":"Potenciamos tu energ\u00eda.","publisher":{"@id":"https:\/\/clusterciar.com.ar\/clu2024\/#organization"},"potentialAction":[{"@type":"SearchAction","target":{"@type":"EntryPoint","urlTemplate":"https:\/\/clusterciar.com.ar\/clu2024\/?s={search_term_string}"},"query-input":{"@type":"PropertyValueSpecification","valueRequired":true,"valueName":"search_term_string"}}],"inLanguage":"es"},{"@type":"Organization","@id":"https:\/\/clusterciar.com.ar\/clu2024\/#organization","name":"Clusterciar","url":"https:\/\/clusterciar.com.ar\/clu2024\/","logo":{"@type":"ImageObject","inLanguage":"es","@id":"https:\/\/clusterciar.com.ar\/clu2024\/#\/schema\/logo\/image\/","url":"https:\/\/clusterciar.com.ar\/clu2024\/wp-content\/uploads\/2025\/03\/cropped-favicon-Clusterciar.png","contentUrl":"https:\/\/clusterciar.com.ar\/clu2024\/wp-content\/uploads\/2025\/03\/cropped-favicon-Clusterciar.png","width":512,"height":512,"caption":"Clusterciar"},"image":{"@id":"https:\/\/clusterciar.com.ar\/clu2024\/#\/schema\/logo\/image\/"},"sameAs":["https:\/\/www.linkedin.com\/company\/clusterciar","https:\/\/www.youtube.com\/@clusterciar9595"]}]}},"_links":{"self":[{"href":"https:\/\/clusterciar.com.ar\/clu2024\/wp-json\/wp\/v2\/pages\/3413","targetHints":{"allow":["GET"]}}],"collection":[{"href":"https:\/\/clusterciar.com.ar\/clu2024\/wp-json\/wp\/v2\/pages"}],"about":[{"href":"https:\/\/clusterciar.com.ar\/clu2024\/wp-json\/wp\/v2\/types\/page"}],"author":[{"embeddable":true,"href":"https:\/\/clusterciar.com.ar\/clu2024\/wp-json\/wp\/v2\/users\/1"}],"replies":[{"embeddable":true,"href":"https:\/\/clusterciar.com.ar\/clu2024\/wp-json\/wp\/v2\/comments?post=3413"}],"version-history":[{"count":19,"href":"https:\/\/clusterciar.com.ar\/clu2024\/wp-json\/wp\/v2\/pages\/3413\/revisions"}],"predecessor-version":[{"id":4975,"href":"https:\/\/clusterciar.com.ar\/clu2024\/wp-json\/wp\/v2\/pages\/3413\/revisions\/4975"}],"wp:featuredmedia":[{"embeddable":true,"href":"https:\/\/clusterciar.com.ar\/clu2024\/wp-json\/wp\/v2\/media\/235"}],"wp:attachment":[{"href":"https:\/\/clusterciar.com.ar\/clu2024\/wp-json\/wp\/v2\/media?parent=3413"}],"curies":[{"name":"wp","href":"https:\/\/api.w.org\/{rel}","templated":true}]}}