{"id":3371,"date":"2024-12-26T09:46:41","date_gmt":"2024-12-26T12:46:41","guid":{"rendered":"https:\/\/clusterciar.com.ar\/clu2024\/?page_id=3371"},"modified":"2025-03-27T13:18:49","modified_gmt":"2025-03-27T16:18:49","slug":"trace-group","status":"publish","type":"page","link":"https:\/\/clusterciar.com.ar\/clu2024\/trace-group\/","title":{"rendered":"Trace Group"},"content":{"rendered":"\t\t<div data-elementor-type=\"wp-page\" data-elementor-id=\"3371\" class=\"elementor elementor-3371\" data-elementor-post-type=\"page\">\n\t\t\t\t<div class=\"elementor-element elementor-element-7208c25 e-con-full e-flex e-con e-parent\" data-id=\"7208c25\" data-element_type=\"container\" data-e-type=\"container\" data-settings=\"{&quot;background_background&quot;:&quot;classic&quot;}\">\n\t\t<div class=\"elementor-element elementor-element-1c9dca1 e-con-full e-flex e-con e-child\" data-id=\"1c9dca1\" data-element_type=\"container\" data-e-type=\"container\">\n\t\t<div class=\"elementor-element elementor-element-a0e5e91 e-con-full e-flex e-con e-child\" data-id=\"a0e5e91\" data-element_type=\"container\" data-e-type=\"container\" data-settings=\"{&quot;background_background&quot;:&quot;gradient&quot;}\">\n\t\t\t\t<div class=\"elementor-element elementor-element-eb8ac2c elementor-widget elementor-widget-image\" data-id=\"eb8ac2c\" data-element_type=\"widget\" data-e-type=\"widget\" data-widget_type=\"image.default\">\n\t\t\t\t<div class=\"elementor-widget-container\">\n\t\t\t\t\t\t\t\t\t\t\t\t\t\t\t<img fetchpriority=\"high\" decoding=\"async\" width=\"800\" height=\"196\" src=\"https:\/\/clusterciar.com.ar\/clu2024\/wp-content\/uploads\/2024\/12\/trace-group-blanco-1-1024x251.png\" class=\"attachment-large size-large wp-image-3373\" alt=\"\" srcset=\"https:\/\/clusterciar.com.ar\/clu2024\/wp-content\/uploads\/2024\/12\/trace-group-blanco-1-1024x251.png 1024w, https:\/\/clusterciar.com.ar\/clu2024\/wp-content\/uploads\/2024\/12\/trace-group-blanco-1-300x73.png 300w, https:\/\/clusterciar.com.ar\/clu2024\/wp-content\/uploads\/2024\/12\/trace-group-blanco-1-768x188.png 768w, https:\/\/clusterciar.com.ar\/clu2024\/wp-content\/uploads\/2024\/12\/trace-group-blanco-1-1536x376.png 1536w, https:\/\/clusterciar.com.ar\/clu2024\/wp-content\/uploads\/2024\/12\/trace-group-blanco-1.png 1548w\" sizes=\"(max-width: 800px) 100vw, 800px\" \/>\t\t\t\t\t\t\t\t\t\t\t\t\t\t\t<\/div>\n\t\t\t\t<\/div>\n\t\t\t\t<\/div>\n\t\t<div class=\"elementor-element elementor-element-e82a8c0 e-con-full e-flex e-con e-child\" data-id=\"e82a8c0\" data-element_type=\"container\" data-e-type=\"container\" data-settings=\"{&quot;background_background&quot;:&quot;classic&quot;}\">\n\t\t\t\t<div class=\"elementor-element elementor-element-3d1b8bb elementor-align-left elementor-widget elementor-widget-button\" data-id=\"3d1b8bb\" data-element_type=\"widget\" data-e-type=\"widget\" data-widget_type=\"button.default\">\n\t\t\t\t<div class=\"elementor-widget-container\">\n\t\t\t\t\t\t\t\t\t<div class=\"elementor-button-wrapper\">\n\t\t\t\t\t<a class=\"elementor-button elementor-button-link elementor-size-sm\" href=\"https:\/\/tracegroup.com.ar\/\" target=\"_blank\">\n\t\t\t\t\t\t<span class=\"elementor-button-content-wrapper\">\n\t\t\t\t\t\t\t\t\t<span class=\"elementor-button-text\">VISITAR LA WEB<\/span>\n\t\t\t\t\t<\/span>\n\t\t\t\t\t<\/a>\n\t\t\t\t<\/div>\n\t\t\t\t\t\t\t\t<\/div>\n\t\t\t\t<\/div>\n\t\t\t\t<\/div>\n\t\t\t\t<\/div>\n\t\t\t\t<\/div>\n\t\t<div class=\"elementor-element elementor-element-80b7d65 e-con-full e-flex e-con e-parent\" data-id=\"80b7d65\" data-element_type=\"container\" data-e-type=\"container\" data-settings=\"{&quot;background_background&quot;:&quot;classic&quot;}\">\n\t\t<div class=\"elementor-element elementor-element-4bc6723 e-con-full e-flex e-con e-child\" data-id=\"4bc6723\" data-element_type=\"container\" data-e-type=\"container\">\n\t\t<div class=\"elementor-element elementor-element-7960ab6 e-con-full e-flex e-con e-child\" data-id=\"7960ab6\" data-element_type=\"container\" data-e-type=\"container\">\n\t\t\t\t<div class=\"elementor-element elementor-element-9a3ccd5 elementor-widget elementor-widget-heading\" data-id=\"9a3ccd5\" data-element_type=\"widget\" data-e-type=\"widget\" data-widget_type=\"heading.default\">\n\t\t\t\t<div class=\"elementor-widget-container\">\n\t\t\t\t\t<h2 class=\"elementor-heading-title elementor-size-default\">Servicios especializados en inspecci\u00f3n y supervisi\u00f3n t\u00e9cnica<\/h2>\t\t\t\t<\/div>\n\t\t\t\t<\/div>\n\t\t\t\t<div class=\"elementor-element elementor-element-4868f46 elementor-widget elementor-widget-text-editor\" data-id=\"4868f46\" data-element_type=\"widget\" data-e-type=\"widget\" data-widget_type=\"text-editor.default\">\n\t\t\t\t<div class=\"elementor-widget-container\">\n\t\t\t\t\t\t\t\t\t<p><b>Trace Group<\/b>\u00a0es una empresa dedicada a la prestaci\u00f3n de servicios de inspecci\u00f3n y supervisi\u00f3n t\u00e9cnica, con un enfoque destacado en los mercados de energ\u00eda e industria. Su experiencia y especializaci\u00f3n la posicionan como un aliado clave para garantizar la calidad y seguridad de las operaciones.<\/p>\t\t\t\t\t\t\t\t<\/div>\n\t\t\t\t<\/div>\n\t\t\t\t<\/div>\n\t\t<div class=\"elementor-element elementor-element-0666726 e-con-full e-flex e-con e-child\" data-id=\"0666726\" data-element_type=\"container\" data-e-type=\"container\" data-settings=\"{&quot;background_background&quot;:&quot;classic&quot;}\">\n\t\t\t\t<\/div>\n\t\t\t\t<\/div>\n\t\t\t\t<\/div>\n\t\t<div class=\"elementor-element elementor-element-2b1a321 e-flex e-con-boxed e-con e-parent\" data-id=\"2b1a321\" data-element_type=\"container\" data-e-type=\"container\" data-settings=\"{&quot;background_background&quot;:&quot;classic&quot;}\">\n\t\t\t\t\t<div class=\"e-con-inner\">\n\t\t<div class=\"elementor-element elementor-element-0bcc6e3 e-grid e-con-full e-con e-child\" data-id=\"0bcc6e3\" data-element_type=\"container\" data-e-type=\"container\" data-settings=\"{&quot;background_background&quot;:&quot;classic&quot;}\">\n\t\t\t\t<div class=\"elementor-element elementor-element-54fc0fc elementor-widget elementor-widget-counter\" data-id=\"54fc0fc\" data-element_type=\"widget\" data-e-type=\"widget\" data-widget_type=\"counter.default\">\n\t\t\t\t<div class=\"elementor-widget-container\">\n\t\t\t\t\t\t\t<div class=\"elementor-counter\">\n\t\t\t<div class=\"elementor-counter-title\">Coordinadores especializados<\/div>\t\t\t<div class=\"elementor-counter-number-wrapper\">\n\t\t\t\t<span class=\"elementor-counter-number-prefix\">+<\/span>\n\t\t\t\t<span class=\"elementor-counter-number\" data-duration=\"2000\" data-to-value=\"450\" data-from-value=\"450\" data-delimiter=\",\">450<\/span>\n\t\t\t\t<span class=\"elementor-counter-number-suffix\"><\/span>\n\t\t\t<\/div>\n\t\t<\/div>\n\t\t\t\t\t\t<\/div>\n\t\t\t\t<\/div>\n\t\t\t\t<div class=\"elementor-element elementor-element-ea1fbbd elementor-widget elementor-widget-counter\" data-id=\"ea1fbbd\" data-element_type=\"widget\" data-e-type=\"widget\" data-widget_type=\"counter.default\">\n\t\t\t\t<div class=\"elementor-widget-container\">\n\t\t\t\t\t\t\t<div class=\"elementor-counter\">\n\t\t\t<div class=\"elementor-counter-title\">Clientes<\/div>\t\t\t<div class=\"elementor-counter-number-wrapper\">\n\t\t\t\t<span class=\"elementor-counter-number-prefix\">+<\/span>\n\t\t\t\t<span class=\"elementor-counter-number\" data-duration=\"2000\" data-to-value=\"50\" data-from-value=\"50\" data-delimiter=\",\">50<\/span>\n\t\t\t\t<span class=\"elementor-counter-number-suffix\"><\/span>\n\t\t\t<\/div>\n\t\t<\/div>\n\t\t\t\t\t\t<\/div>\n\t\t\t\t<\/div>\n\t\t\t\t<div class=\"elementor-element elementor-element-9cabd50 elementor-widget elementor-widget-counter\" data-id=\"9cabd50\" data-element_type=\"widget\" data-e-type=\"widget\" data-widget_type=\"counter.default\">\n\t\t\t\t<div class=\"elementor-widget-container\">\n\t\t\t\t\t\t\t<div class=\"elementor-counter\">\n\t\t\t<div class=\"elementor-counter-title\">veh\u00edculos en flota<\/div>\t\t\t<div class=\"elementor-counter-number-wrapper\">\n\t\t\t\t<span class=\"elementor-counter-number-prefix\">+<\/span>\n\t\t\t\t<span class=\"elementor-counter-number\" data-duration=\"2000\" data-to-value=\"300\" data-from-value=\"300\" data-delimiter=\".\">300<\/span>\n\t\t\t\t<span class=\"elementor-counter-number-suffix\"><\/span>\n\t\t\t<\/div>\n\t\t<\/div>\n\t\t\t\t\t\t<\/div>\n\t\t\t\t<\/div>\n\t\t\t\t<\/div>\n\t\t\t\t\t<\/div>\n\t\t\t\t<\/div>\n\t\t<div class=\"elementor-element elementor-element-9dfceae e-con-full e-flex e-con e-parent\" data-id=\"9dfceae\" data-element_type=\"container\" data-e-type=\"container\">\n\t\t<div class=\"elementor-element elementor-element-7ee3f59 e-con-full e-flex e-con e-child\" data-id=\"7ee3f59\" data-element_type=\"container\" data-e-type=\"container\">\n\t\t<div class=\"elementor-element elementor-element-84c400c e-con-full e-flex e-con e-child\" data-id=\"84c400c\" data-element_type=\"container\" data-e-type=\"container\" data-settings=\"{&quot;background_background&quot;:&quot;classic&quot;}\">\n\t\t\t\t<\/div>\n\t\t<div class=\"elementor-element elementor-element-d240865 e-con-full e-flex e-con e-child\" data-id=\"d240865\" data-element_type=\"container\" data-e-type=\"container\">\n\t\t\t\t<div class=\"elementor-element elementor-element-f945675 elementor-widget elementor-widget-heading\" data-id=\"f945675\" data-element_type=\"widget\" data-e-type=\"widget\" data-widget_type=\"heading.default\">\n\t\t\t\t<div class=\"elementor-widget-container\">\n\t\t\t\t\t<h2 class=\"elementor-heading-title elementor-size-default\">Un servicio diferencial con coordinadores dedicados<\/h2>\t\t\t\t<\/div>\n\t\t\t\t<\/div>\n\t\t\t\t<div class=\"elementor-element elementor-element-a9764b4 elementor-widget elementor-widget-text-editor\" data-id=\"a9764b4\" data-element_type=\"widget\" data-e-type=\"widget\" data-widget_type=\"text-editor.default\">\n\t\t\t\t<div class=\"elementor-widget-container\">\n\t\t\t\t\t\t\t\t\t<p>Una de las principales fortalezas de <b>Trace Group<\/b> es la inclusi\u00f3n de coordinadores en todos sus contratos. Estos profesionales supervisan y respaldan a los inspectores, asegurando un servicio con menor margen de desv\u00edos. Este enfoque garantiza tranquilidad, confianza y una mayor satisfacci\u00f3n para sus clientes.<\/p>\t\t\t\t\t\t\t\t<\/div>\n\t\t\t\t<\/div>\n\t\t\t\t<\/div>\n\t\t\t\t<\/div>\n\t\t\t\t<\/div>\n\t\t<div class=\"elementor-element elementor-element-91c6fea e-con-full e-flex e-con e-parent\" data-id=\"91c6fea\" data-element_type=\"container\" data-e-type=\"container\" data-settings=\"{&quot;background_background&quot;:&quot;classic&quot;}\">\n\t\t<div class=\"elementor-element elementor-element-82a15a5 e-con-full e-flex e-con e-child\" data-id=\"82a15a5\" data-element_type=\"container\" data-e-type=\"container\">\n\t\t<div class=\"elementor-element elementor-element-e874bdf e-con-full e-flex e-con e-child\" data-id=\"e874bdf\" data-element_type=\"container\" data-e-type=\"container\">\n\t\t\t\t<div class=\"elementor-element elementor-element-af2bfb8 elementor-widget elementor-widget-heading\" data-id=\"af2bfb8\" data-element_type=\"widget\" data-e-type=\"widget\" data-widget_type=\"heading.default\">\n\t\t\t\t<div class=\"elementor-widget-container\">\n\t\t\t\t\t<h2 class=\"elementor-heading-title elementor-size-default\">Presencia estrat\u00e9gica y calidad certificada<\/h2>\t\t\t\t<\/div>\n\t\t\t\t<\/div>\n\t\t\t\t<div class=\"elementor-element elementor-element-28d545d elementor-widget elementor-widget-text-editor\" data-id=\"28d545d\" data-element_type=\"widget\" data-e-type=\"widget\" data-widget_type=\"text-editor.default\">\n\t\t\t\t<div class=\"elementor-widget-container\">\n\t\t\t\t\t\t\t\t\t<p>Con oficinas centralizadas en Neuqu\u00e9n y Buenos Aires, adem\u00e1s de oficinas regionales en Comodoro Rivadavia, Cipolletti y Miami, <b>Trace Group<\/b> trabaja con recursos t\u00e9cnicos y humanos estrat\u00e9gicamente distribuidos en puntos clave de la industria. Su alcance incluye operaciones en provincias como Mendoza, Santa Cruz y Tierra del Fuego, operando bajo est\u00e1ndares certificados que reflejan su compromiso con la calidad, las personas y los recursos naturales.<\/p>\t\t\t\t\t\t\t\t<\/div>\n\t\t\t\t<\/div>\n\t\t\t\t<div class=\"elementor-element elementor-element-89541b3 elementor-align-left elementor-widget elementor-widget-button\" data-id=\"89541b3\" data-element_type=\"widget\" data-e-type=\"widget\" data-widget_type=\"button.default\">\n\t\t\t\t<div class=\"elementor-widget-container\">\n\t\t\t\t\t\t\t\t\t<div class=\"elementor-button-wrapper\">\n\t\t\t\t\t<a class=\"elementor-button elementor-button-link elementor-size-sm\" href=\"https:\/\/tracegroup.com.ar\/\" target=\"_blank\">\n\t\t\t\t\t\t<span class=\"elementor-button-content-wrapper\">\n\t\t\t\t\t\t\t\t\t<span class=\"elementor-button-text\">VISITAR LA WEB<\/span>\n\t\t\t\t\t<\/span>\n\t\t\t\t\t<\/a>\n\t\t\t\t<\/div>\n\t\t\t\t\t\t\t\t<\/div>\n\t\t\t\t<\/div>\n\t\t\t\t<\/div>\n\t\t<div class=\"elementor-element elementor-element-b80e73a e-con-full e-flex e-con e-child\" data-id=\"b80e73a\" data-element_type=\"container\" data-e-type=\"container\" data-settings=\"{&quot;background_background&quot;:&quot;classic&quot;}\">\n\t\t\t\t<\/div>\n\t\t\t\t<\/div>\n\t\t\t\t<\/div>\n\t\t\t\t<\/div>\n\t\t","protected":false},"excerpt":{"rendered":"<p>VISITAR LA WEB Servicios especializados en inspecci\u00f3n y supervisi\u00f3n t\u00e9cnica Trace Group\u00a0es una empresa dedicada a la prestaci\u00f3n de servicios de inspecci\u00f3n y supervisi\u00f3n t\u00e9cnica, con un enfoque destacado en los mercados de energ\u00eda e industria. Su experiencia y especializaci\u00f3n la posicionan como un aliado clave para garantizar la calidad y seguridad de las operaciones. [&hellip;]<\/p>\n","protected":false},"author":1,"featured_media":4315,"parent":0,"menu_order":0,"comment_status":"closed","ping_status":"closed","template":"elementor_header_footer","meta":{"footnotes":""},"class_list":["post-3371","page","type-page","status-publish","has-post-thumbnail","hentry"],"yoast_head":"<!-- This site is optimized with the Yoast SEO plugin v27.6 - https:\/\/yoast.com\/product\/yoast-seo-wordpress\/ -->\n<title>Trace Group - Servicios especializados en inspecci\u00f3n y supervisi\u00f3n t\u00e9cnica<\/title>\n<meta name=\"description\" content=\"Trace Group es una empresa dedicada a la prestaci\u00f3n de servicios de inspecci\u00f3n y supervisi\u00f3n t\u00e9cnica, con un enfoque destacado en los mercados de energ\u00eda e industria. Su experiencia y especializaci\u00f3n la posicionan como un aliado clave para garantizar la calidad y seguridad de las operaciones.\" \/>\n<meta name=\"robots\" content=\"index, follow, max-snippet:-1, max-image-preview:large, max-video-preview:-1\" \/>\n<link rel=\"canonical\" href=\"https:\/\/clusterciar.com.ar\/clu2024\/trace-group\/\" \/>\n<meta property=\"og:locale\" content=\"es_ES\" \/>\n<meta property=\"og:type\" content=\"article\" \/>\n<meta property=\"og:title\" content=\"Trace Group - Servicios especializados en inspecci\u00f3n y supervisi\u00f3n t\u00e9cnica\" \/>\n<meta property=\"og:description\" content=\"Trace Group es una empresa dedicada a la prestaci\u00f3n de servicios de inspecci\u00f3n y supervisi\u00f3n t\u00e9cnica, con un enfoque destacado en los mercados de energ\u00eda e industria. Su experiencia y especializaci\u00f3n la posicionan como un aliado clave para garantizar la calidad y seguridad de las operaciones.\" \/>\n<meta property=\"og:url\" content=\"https:\/\/clusterciar.com.ar\/clu2024\/trace-group\/\" \/>\n<meta property=\"og:site_name\" content=\"Clusterciar\" \/>\n<meta property=\"article:modified_time\" content=\"2025-03-27T16:18:49+00:00\" \/>\n<meta property=\"og:image\" content=\"https:\/\/clusterciar.com.ar\/clu2024\/wp-content\/uploads\/2025\/02\/mosaico-tg.png\" \/>\n\t<meta property=\"og:image:width\" content=\"1080\" \/>\n\t<meta property=\"og:image:height\" content=\"608\" \/>\n\t<meta property=\"og:image:type\" content=\"image\/png\" \/>\n<meta name=\"twitter:card\" content=\"summary_large_image\" \/>\n<meta name=\"twitter:label1\" content=\"Tiempo de lectura\" \/>\n\t<meta name=\"twitter:data1\" content=\"2 minutos\" \/>\n<script type=\"application\/ld+json\" class=\"yoast-schema-graph\">{\"@context\":\"https:\\\/\\\/schema.org\",\"@graph\":[{\"@type\":\"WebPage\",\"@id\":\"https:\\\/\\\/clusterciar.com.ar\\\/clu2024\\\/trace-group\\\/\",\"url\":\"https:\\\/\\\/clusterciar.com.ar\\\/clu2024\\\/trace-group\\\/\",\"name\":\"Trace Group - Servicios especializados en inspecci\u00f3n y supervisi\u00f3n t\u00e9cnica\",\"isPartOf\":{\"@id\":\"https:\\\/\\\/clusterciar.com.ar\\\/clu2024\\\/#website\"},\"primaryImageOfPage\":{\"@id\":\"https:\\\/\\\/clusterciar.com.ar\\\/clu2024\\\/trace-group\\\/#primaryimage\"},\"image\":{\"@id\":\"https:\\\/\\\/clusterciar.com.ar\\\/clu2024\\\/trace-group\\\/#primaryimage\"},\"thumbnailUrl\":\"https:\\\/\\\/clusterciar.com.ar\\\/clu2024\\\/wp-content\\\/uploads\\\/2025\\\/02\\\/mosaico-tg.png\",\"datePublished\":\"2024-12-26T12:46:41+00:00\",\"dateModified\":\"2025-03-27T16:18:49+00:00\",\"description\":\"Trace Group es una empresa dedicada a la prestaci\u00f3n de servicios de inspecci\u00f3n y supervisi\u00f3n t\u00e9cnica, con un enfoque destacado en los mercados de energ\u00eda e industria. Su experiencia y especializaci\u00f3n la posicionan como un aliado clave para garantizar la calidad y seguridad de las operaciones.\",\"breadcrumb\":{\"@id\":\"https:\\\/\\\/clusterciar.com.ar\\\/clu2024\\\/trace-group\\\/#breadcrumb\"},\"inLanguage\":\"es\",\"potentialAction\":[{\"@type\":\"ReadAction\",\"target\":[\"https:\\\/\\\/clusterciar.com.ar\\\/clu2024\\\/trace-group\\\/\"]}]},{\"@type\":\"ImageObject\",\"inLanguage\":\"es\",\"@id\":\"https:\\\/\\\/clusterciar.com.ar\\\/clu2024\\\/trace-group\\\/#primaryimage\",\"url\":\"https:\\\/\\\/clusterciar.com.ar\\\/clu2024\\\/wp-content\\\/uploads\\\/2025\\\/02\\\/mosaico-tg.png\",\"contentUrl\":\"https:\\\/\\\/clusterciar.com.ar\\\/clu2024\\\/wp-content\\\/uploads\\\/2025\\\/02\\\/mosaico-tg.png\",\"width\":1080,\"height\":608},{\"@type\":\"BreadcrumbList\",\"@id\":\"https:\\\/\\\/clusterciar.com.ar\\\/clu2024\\\/trace-group\\\/#breadcrumb\",\"itemListElement\":[{\"@type\":\"ListItem\",\"position\":1,\"name\":\"Portada\",\"item\":\"https:\\\/\\\/clusterciar.com.ar\\\/clu2024\\\/\"},{\"@type\":\"ListItem\",\"position\":2,\"name\":\"Trace Group\"}]},{\"@type\":\"WebSite\",\"@id\":\"https:\\\/\\\/clusterciar.com.ar\\\/clu2024\\\/#website\",\"url\":\"https:\\\/\\\/clusterciar.com.ar\\\/clu2024\\\/\",\"name\":\"Clusterciar.com.ar\",\"description\":\"Potenciamos tu energ\u00eda.\",\"publisher\":{\"@id\":\"https:\\\/\\\/clusterciar.com.ar\\\/clu2024\\\/#organization\"},\"potentialAction\":[{\"@type\":\"SearchAction\",\"target\":{\"@type\":\"EntryPoint\",\"urlTemplate\":\"https:\\\/\\\/clusterciar.com.ar\\\/clu2024\\\/?s={search_term_string}\"},\"query-input\":{\"@type\":\"PropertyValueSpecification\",\"valueRequired\":true,\"valueName\":\"search_term_string\"}}],\"inLanguage\":\"es\"},{\"@type\":\"Organization\",\"@id\":\"https:\\\/\\\/clusterciar.com.ar\\\/clu2024\\\/#organization\",\"name\":\"Clusterciar\",\"url\":\"https:\\\/\\\/clusterciar.com.ar\\\/clu2024\\\/\",\"logo\":{\"@type\":\"ImageObject\",\"inLanguage\":\"es\",\"@id\":\"https:\\\/\\\/clusterciar.com.ar\\\/clu2024\\\/#\\\/schema\\\/logo\\\/image\\\/\",\"url\":\"https:\\\/\\\/clusterciar.com.ar\\\/clu2024\\\/wp-content\\\/uploads\\\/2025\\\/03\\\/cropped-favicon-Clusterciar.png\",\"contentUrl\":\"https:\\\/\\\/clusterciar.com.ar\\\/clu2024\\\/wp-content\\\/uploads\\\/2025\\\/03\\\/cropped-favicon-Clusterciar.png\",\"width\":512,\"height\":512,\"caption\":\"Clusterciar\"},\"image\":{\"@id\":\"https:\\\/\\\/clusterciar.com.ar\\\/clu2024\\\/#\\\/schema\\\/logo\\\/image\\\/\"},\"sameAs\":[\"https:\\\/\\\/www.linkedin.com\\\/company\\\/clusterciar\",\"https:\\\/\\\/www.youtube.com\\\/@clusterciar9595\"]}]}<\/script>\n<!-- \/ Yoast SEO plugin. -->","yoast_head_json":{"title":"Trace Group - Servicios especializados en inspecci\u00f3n y supervisi\u00f3n t\u00e9cnica","description":"Trace Group es una empresa dedicada a la prestaci\u00f3n de servicios de inspecci\u00f3n y supervisi\u00f3n t\u00e9cnica, con un enfoque destacado en los mercados de energ\u00eda e industria. Su experiencia y especializaci\u00f3n la posicionan como un aliado clave para garantizar la calidad y seguridad de las operaciones.","robots":{"index":"index","follow":"follow","max-snippet":"max-snippet:-1","max-image-preview":"max-image-preview:large","max-video-preview":"max-video-preview:-1"},"canonical":"https:\/\/clusterciar.com.ar\/clu2024\/trace-group\/","og_locale":"es_ES","og_type":"article","og_title":"Trace Group - Servicios especializados en inspecci\u00f3n y supervisi\u00f3n t\u00e9cnica","og_description":"Trace Group es una empresa dedicada a la prestaci\u00f3n de servicios de inspecci\u00f3n y supervisi\u00f3n t\u00e9cnica, con un enfoque destacado en los mercados de energ\u00eda e industria. Su experiencia y especializaci\u00f3n la posicionan como un aliado clave para garantizar la calidad y seguridad de las operaciones.","og_url":"https:\/\/clusterciar.com.ar\/clu2024\/trace-group\/","og_site_name":"Clusterciar","article_modified_time":"2025-03-27T16:18:49+00:00","og_image":[{"width":1080,"height":608,"url":"https:\/\/clusterciar.com.ar\/clu2024\/wp-content\/uploads\/2025\/02\/mosaico-tg.png","type":"image\/png"}],"twitter_card":"summary_large_image","twitter_misc":{"Tiempo de lectura":"2 minutos"},"schema":{"@context":"https:\/\/schema.org","@graph":[{"@type":"WebPage","@id":"https:\/\/clusterciar.com.ar\/clu2024\/trace-group\/","url":"https:\/\/clusterciar.com.ar\/clu2024\/trace-group\/","name":"Trace Group - Servicios especializados en inspecci\u00f3n y supervisi\u00f3n t\u00e9cnica","isPartOf":{"@id":"https:\/\/clusterciar.com.ar\/clu2024\/#website"},"primaryImageOfPage":{"@id":"https:\/\/clusterciar.com.ar\/clu2024\/trace-group\/#primaryimage"},"image":{"@id":"https:\/\/clusterciar.com.ar\/clu2024\/trace-group\/#primaryimage"},"thumbnailUrl":"https:\/\/clusterciar.com.ar\/clu2024\/wp-content\/uploads\/2025\/02\/mosaico-tg.png","datePublished":"2024-12-26T12:46:41+00:00","dateModified":"2025-03-27T16:18:49+00:00","description":"Trace Group es una empresa dedicada a la prestaci\u00f3n de servicios de inspecci\u00f3n y supervisi\u00f3n t\u00e9cnica, con un enfoque destacado en los mercados de energ\u00eda e industria. Su experiencia y especializaci\u00f3n la posicionan como un aliado clave para garantizar la calidad y seguridad de las operaciones.","breadcrumb":{"@id":"https:\/\/clusterciar.com.ar\/clu2024\/trace-group\/#breadcrumb"},"inLanguage":"es","potentialAction":[{"@type":"ReadAction","target":["https:\/\/clusterciar.com.ar\/clu2024\/trace-group\/"]}]},{"@type":"ImageObject","inLanguage":"es","@id":"https:\/\/clusterciar.com.ar\/clu2024\/trace-group\/#primaryimage","url":"https:\/\/clusterciar.com.ar\/clu2024\/wp-content\/uploads\/2025\/02\/mosaico-tg.png","contentUrl":"https:\/\/clusterciar.com.ar\/clu2024\/wp-content\/uploads\/2025\/02\/mosaico-tg.png","width":1080,"height":608},{"@type":"BreadcrumbList","@id":"https:\/\/clusterciar.com.ar\/clu2024\/trace-group\/#breadcrumb","itemListElement":[{"@type":"ListItem","position":1,"name":"Portada","item":"https:\/\/clusterciar.com.ar\/clu2024\/"},{"@type":"ListItem","position":2,"name":"Trace Group"}]},{"@type":"WebSite","@id":"https:\/\/clusterciar.com.ar\/clu2024\/#website","url":"https:\/\/clusterciar.com.ar\/clu2024\/","name":"Clusterciar.com.ar","description":"Potenciamos tu energ\u00eda.","publisher":{"@id":"https:\/\/clusterciar.com.ar\/clu2024\/#organization"},"potentialAction":[{"@type":"SearchAction","target":{"@type":"EntryPoint","urlTemplate":"https:\/\/clusterciar.com.ar\/clu2024\/?s={search_term_string}"},"query-input":{"@type":"PropertyValueSpecification","valueRequired":true,"valueName":"search_term_string"}}],"inLanguage":"es"},{"@type":"Organization","@id":"https:\/\/clusterciar.com.ar\/clu2024\/#organization","name":"Clusterciar","url":"https:\/\/clusterciar.com.ar\/clu2024\/","logo":{"@type":"ImageObject","inLanguage":"es","@id":"https:\/\/clusterciar.com.ar\/clu2024\/#\/schema\/logo\/image\/","url":"https:\/\/clusterciar.com.ar\/clu2024\/wp-content\/uploads\/2025\/03\/cropped-favicon-Clusterciar.png","contentUrl":"https:\/\/clusterciar.com.ar\/clu2024\/wp-content\/uploads\/2025\/03\/cropped-favicon-Clusterciar.png","width":512,"height":512,"caption":"Clusterciar"},"image":{"@id":"https:\/\/clusterciar.com.ar\/clu2024\/#\/schema\/logo\/image\/"},"sameAs":["https:\/\/www.linkedin.com\/company\/clusterciar","https:\/\/www.youtube.com\/@clusterciar9595"]}]}},"_links":{"self":[{"href":"https:\/\/clusterciar.com.ar\/clu2024\/wp-json\/wp\/v2\/pages\/3371","targetHints":{"allow":["GET"]}}],"collection":[{"href":"https:\/\/clusterciar.com.ar\/clu2024\/wp-json\/wp\/v2\/pages"}],"about":[{"href":"https:\/\/clusterciar.com.ar\/clu2024\/wp-json\/wp\/v2\/types\/page"}],"author":[{"embeddable":true,"href":"https:\/\/clusterciar.com.ar\/clu2024\/wp-json\/wp\/v2\/users\/1"}],"replies":[{"embeddable":true,"href":"https:\/\/clusterciar.com.ar\/clu2024\/wp-json\/wp\/v2\/comments?post=3371"}],"version-history":[{"count":40,"href":"https:\/\/clusterciar.com.ar\/clu2024\/wp-json\/wp\/v2\/pages\/3371\/revisions"}],"predecessor-version":[{"id":4978,"href":"https:\/\/clusterciar.com.ar\/clu2024\/wp-json\/wp\/v2\/pages\/3371\/revisions\/4978"}],"wp:featuredmedia":[{"embeddable":true,"href":"https:\/\/clusterciar.com.ar\/clu2024\/wp-json\/wp\/v2\/media\/4315"}],"wp:attachment":[{"href":"https:\/\/clusterciar.com.ar\/clu2024\/wp-json\/wp\/v2\/media?parent=3371"}],"curies":[{"name":"wp","href":"https:\/\/api.w.org\/{rel}","templated":true}]}}